{"id":1825,"date":"2014-11-11T11:14:30","date_gmt":"2014-11-11T11:14:30","guid":{"rendered":"http:\/\/anpsthemes.com\/constructo\/?page_id=15"},"modified":"2025-07-29T11:53:23","modified_gmt":"2025-07-29T08:53:23","slug":"contact-us","status":"publish","type":"page","link":"https:\/\/mayiscayi.com\/?page_id=1825","title":{"rendered":"\u0130leti\u015fim"},"content":{"rendered":"<p>[vc_row css=&#8221;.vc_custom_1418807519392{margin-top: 20px !important;}&#8221; has_content=&#8221;true&#8221;][vc_column width=&#8221;1\/3&#8243;]<h4 class='heading-content  style-1' ><span>\u0130LET\u0130\u015e\u0130M B\u0130LG\u0130LER\u0130M\u0130Z<\/span><\/h4>[vc_empty_space height=&#8221;15px&#8221;][vc_column_text]<strong>\u00dcRET\u0130M<\/strong><\/p>\n<p>K\u00d6\u015eK \u00c7AY<\/p>\n<p>\u00c7inik Mah. B\u00fcy\u00fckl\u00fc Blv. No:89 Tekkek\u00f6y \/ Samsun<\/p>\n<p><strong>OF\u0130S<\/strong><\/p>\n<p>K\u00fc\u00e7\u00fcksu Mahallesi Rasathane Caddesi No:16<\/p>\n<p>\u00dcsk\u00fcdar \/ \u0130stanbul<\/p>\n<p><strong>E-posta:<\/strong><\/p>\n<p>info@mayiscayi.com[\/vc_column_text][vc_empty_space height=&#8221;15px&#8221;][\/vc_column][vc_column width=&#8221;2\/3&#8243;]<h4 class='heading-content  style-1' ><span>B\u0130ZE YAZIN<\/span><\/h4>[vc_empty_space height=&#8221;15px&#8221;][vc_column_text]Her t\u00fcrl\u00fc sorular\u0131n\u0131z ve istekleriniz i\u00e7in ileti\u015fim kanallar\u0131m\u0131zdan bizimle ileti\u015fime ge\u00e7mekten l\u00fctfen \u00e7ekinmeyiniz.[\/vc_column_text][vc_empty_space height=&#8221;30px&#8221;]<div role=\"form\" class=\"wpcf7\" id=\"wpcf7-f1244-o1\" lang=\"en-US\" dir=\"ltr\">\n<div class=\"screen-reader-response\"><p role=\"status\" aria-live=\"polite\" aria-atomic=\"true\"><\/p> <ul><\/ul><\/div>\n<form action=\"\/index.php?rest_route=%2Fwp%2Fv2%2Fpages%2F1825#wpcf7-f1244-o1\" method=\"post\" class=\"wpcf7-form init\" novalidate=\"novalidate\" data-status=\"init\">\n<div style=\"display: none;\">\n<input type=\"hidden\" name=\"_wpcf7\" value=\"1244\" \/>\n<input type=\"hidden\" name=\"_wpcf7_version\" value=\"5.4.2\" \/>\n<input type=\"hidden\" name=\"_wpcf7_locale\" value=\"en_US\" \/>\n<input type=\"hidden\" name=\"_wpcf7_unit_tag\" value=\"wpcf7-f1244-o1\" \/>\n<input type=\"hidden\" name=\"_wpcf7_container_post\" value=\"0\" \/>\n<input type=\"hidden\" name=\"_wpcf7_posted_data_hash\" value=\"\" \/>\n<\/div>\n<div class=\"col-sm-12 noleftpadding\">\n<p><span class=\"wpcf7-form-control-wrap your-subject\"><input type=\"text\" name=\"your-subject\" value=\"\" size=\"40\" class=\"wpcf7-form-control wpcf7-text\" aria-invalid=\"false\" placeholder=\"Subject*\" \/><\/span> <\/p>\n<\/div>\n<div class=\"col-sm-6 noleftpadding\">\n<p><span class=\"wpcf7-form-control-wrap your-name\"><input type=\"text\" name=\"your-name\" value=\"\" size=\"40\" class=\"wpcf7-form-control wpcf7-text wpcf7-validates-as-required\" aria-required=\"true\" aria-invalid=\"false\" placeholder=\"Name*\" \/><\/span> <\/p>\n<\/div>\n<div class=\"col-sm-6 noleftpadding\">\n<p><span class=\"wpcf7-form-control-wrap your-email\"><input type=\"email\" name=\"your-email\" value=\"\" size=\"40\" class=\"wpcf7-form-control wpcf7-text wpcf7-email wpcf7-validates-as-required wpcf7-validates-as-email\" aria-required=\"true\" aria-invalid=\"false\" placeholder=\"Email*\" \/><\/span> <\/p>\n<\/div>\n<div class=\"col-sm-12 noleftpadding\">\n<p><span class=\"wpcf7-form-control-wrap your-message\"><textarea name=\"your-message\" cols=\"25\" rows=\"3\" class=\"wpcf7-form-control wpcf7-textarea\" aria-invalid=\"false\" placeholder=\"Message*\"><\/textarea><\/span> <\/p>\n<p><input type=\"submit\" value=\"SEND MESSAGE\" class=\"wpcf7-form-control wpcf7-submit\" \/><\/p>\n<\/div>\n<div class=\"wpcf7-response-output\" aria-hidden=\"true\"><\/div><\/form><\/div>[\/vc_column][\/vc_row]<\/p>\n","protected":false},"excerpt":{"rendered":"<p>[vc_row css=&#8221;.vc_custom_1418807519392{margin-top: 20px !important;}&#8221; has_content=&#8221;true&#8221;][vc_column width=&#8221;1\/3&#8243;][vc_empty_space height=&#8221;15px&#8221;][vc_column_text]\u00dcRET\u0130M K\u00d6\u015eK \u00c7AY \u00c7inik Mah. B\u00fcy\u00fckl\u00fc Blv. No:89 Tekkek\u00f6y \/ Samsun OF\u0130S K\u00fc\u00e7\u00fcksu Mahallesi Rasathane Caddesi No:16 \u00dcsk\u00fcdar \/ \u0130stanbul E-posta: info@mayiscayi.com[\/vc_column_text][vc_empty_space height=&#8221;15px&#8221;][\/vc_column][vc_column width=&#8221;2\/3&#8243;][vc_empty_space height=&#8221;15px&#8221;][vc_column_text]Her t\u00fcrl\u00fc sorular\u0131n\u0131z ve istekleriniz i\u00e7in ileti\u015fim kanallar\u0131m\u0131zdan bizimle ileti\u015fime&#8230;<\/p>\n","protected":false},"author":1,"featured_media":0,"parent":0,"menu_order":0,"comment_status":"closed","ping_status":"open","template":"","meta":{"footnotes":""},"class_list":["post-1825","page","type-page","status-publish","hentry"],"_links":{"self":[{"href":"https:\/\/mayiscayi.com\/index.php?rest_route=\/wp\/v2\/pages\/1825","targetHints":{"allow":["GET"]}}],"collection":[{"href":"https:\/\/mayiscayi.com\/index.php?rest_route=\/wp\/v2\/pages"}],"about":[{"href":"https:\/\/mayiscayi.com\/index.php?rest_route=\/wp\/v2\/types\/page"}],"author":[{"embeddable":true,"href":"https:\/\/mayiscayi.com\/index.php?rest_route=\/wp\/v2\/users\/1"}],"replies":[{"embeddable":true,"href":"https:\/\/mayiscayi.com\/index.php?rest_route=%2Fwp%2Fv2%2Fcomments&post=1825"}],"version-history":[{"count":9,"href":"https:\/\/mayiscayi.com\/index.php?rest_route=\/wp\/v2\/pages\/1825\/revisions"}],"predecessor-version":[{"id":2128,"href":"https:\/\/mayiscayi.com\/index.php?rest_route=\/wp\/v2\/pages\/1825\/revisions\/2128"}],"wp:attachment":[{"href":"https:\/\/mayiscayi.com\/index.php?rest_route=%2Fwp%2Fv2%2Fmedia&parent=1825"}],"curies":[{"name":"wp","href":"https:\/\/api.w.org\/{rel}","templated":true}]}}