{"id":1823,"date":"2014-11-11T11:14:05","date_gmt":"2014-11-11T11:14:05","guid":{"rendered":"http:\/\/anpsthemes.com\/constructo\/?page_id=11"},"modified":"2025-03-12T16:24:47","modified_gmt":"2025-03-12T13:24:47","slug":"about-us","status":"publish","type":"page","link":"https:\/\/mayiscayi.com\/?page_id=1823","title":{"rendered":"HAKKIMIZDA"},"content":{"rendered":"<p>[vc_row][vc_column width=&#8221;1\/2&#8243;][vc_single_image image=&#8221;2107&#8243; img_size=&#8221;720&#215;720&#8243; alignment=&#8221;center&#8221;][\/vc_column][vc_column width=&#8221;1\/2&#8243;][vc_separator][vc_column_text]&nbsp;<\/p>\n<h3>T\u00fcrk mutfa\u011f\u0131n\u0131n vazge\u00e7ilmezi olan \u00e7ay g\u00fcn\u00fcn her saati \u00e7ok fazla t\u00fcketilen i\u00e7ecekler aras\u0131nda yer almaktad\u0131r. Sabah yap\u0131lan kahvalt\u0131lardan, ofis molalar\u0131na, ak\u015fam sohbetlerinden arkada\u015f bulu\u015fmalar\u0131na, pikniklerden kamplara kadar her yere g\u00f6t\u00fcr\u00fclen, her yerde ve yaz-k\u0131\u015f tercih edilen ayr\u0131lmaz bir par\u00e7ad\u0131r adeta! \u00c7ay\u0131n tav\u015fankan\u0131 demlenmesi, misafire tav\u015fan kan\u0131 \u00e7ay ikram edilmesi g\u00f6\u011fs\u00fcm\u00fcz\u00fc kabartan bir durumdur . \u00c7ay\u0131n k\u00fclt\u00fcr\u00fcm\u00fczde ki \u00f6nemi bilindi\u011fi i\u00e7in uzun \u00e7abalar sonunda harmanlanarak sonu\u00e7 veren K\u00d6\u015eK \u00c7AYI siz de\u011ferli m\u00fc\u015fterilerimiz ile bulu\u015fmu\u015ftur. \u00c7ay\u0131n rengi, kokusu ve aromas\u0131yla g\u00fcn\u00fcn her saatinde \u00f6zel bir tat ve lezzet sunan K\u00d6\u015eK \u00c7AYI damakta b\u0131rakt\u0131\u011f\u0131 etki ile sizi di\u011fer \u00e7aylardan uzakla\u015ft\u0131r\u0131p kendine ba\u011flayacakt\u0131r.<\/h3>\n<p>[\/vc_column_text][\/vc_column][\/vc_row][vc_row][vc_column][\/vc_column][\/vc_row][vc_row][vc_column width=&#8221;1\/2&#8243;][vc_column_text]<\/p>\n<h3>Toplanan \u00e7aylar\u0131n bir k\u0131sm\u0131 g\u00fcne\u015f g\u00f6ren, bir k\u0131sm\u0131 kar alt\u0131nda kalan ve di\u011fer k\u0131sm\u0131 \u00e7ok fazla ya\u011f\u0131\u015f alan b\u00f6lgelerdir. bu b\u00f6lge \u00e7aylar\u0131n\u0131n harman\u0131 \u00f6zel bir lezzet sunar. Karadeniz&#8217;in farkl\u0131 y\u00f6relerinden do\u011fru ve uygun ko\u015fullarda toplanm\u0131\u015f ilk kesim may\u0131s \u00e7ay yapraklar\u0131 ve 4 b\u00f6lgenin may\u0131s ay\u0131 kesimi al\u0131n\u0131p k\u00fc\u00e7\u00fck bir at\u00f6lyede el yap\u0131m\u0131 \u00fcretimle, dama\u011f\u0131n\u0131za uygun hale getirilerek K\u00d6\u015eK \u00c7AYI&#8217;n\u0131 olu\u015fturmu\u015ftur. K\u00d6\u015eK \u00c7AYI&#8217;n\u0131n misyonu \u00e7ok \u00e7ay satmak de\u011fildir. Aran\u0131lan, tercih edilen g\u00fcvenilen marka olmakt\u0131r.<\/h3>\n<h3 style=\"text-align: center;\">Bu lezzeti daha fazla ki\u015fiye ula\u015ft\u0131rabilmek i\u00e7in HARMAN \u00c7AY markas\u0131 ile kar\u015f\u0131n\u0131zday\u0131z. \u015eeffafl\u0131\u011f\u0131m\u0131z ve m\u00fc\u015fteri alakam\u0131z her zaman i\u015fimizden bir ad\u0131m \u00f6ndedir. Bizden sat\u0131n ald\u0131\u011f\u0131n\u0131z \u00e7ay\u0131n yan\u0131nda m\u00fc\u015fteri memnuniyeti de alm\u0131\u015f olursunuz. K\u00d6\u015eK \u00c7AYI bir T\u00fcrk markas\u0131 ve yerli \u00fcretimdir. Keyifli i\u00e7imleriniz olsun.<\/h3>\n<p>[\/vc_column_text][\/vc_column][vc_column width=&#8221;1\/2&#8243;][vc_single_image image=&#8221;2106&#8243; img_size=&#8221;full&#8221;][\/vc_column][\/vc_row][vc_row][vc_column][vc_single_image image=&#8221;2024&#8243; img_size=&#8221;full&#8221;][\/vc_column][\/vc_row]<\/p>\n","protected":false},"excerpt":{"rendered":"<p>[vc_row][vc_column width=&#8221;1\/2&#8243;][vc_single_image image=&#8221;2107&#8243; img_size=&#8221;720&#215;720&#8243; alignment=&#8221;center&#8221;][\/vc_column][vc_column width=&#8221;1\/2&#8243;][vc_separator][vc_column_text]&nbsp; T\u00fcrk mutfa\u011f\u0131n\u0131n vazge\u00e7ilmezi olan \u00e7ay g\u00fcn\u00fcn her saati \u00e7ok fazla t\u00fcketilen i\u00e7ecekler aras\u0131nda yer almaktad\u0131r. Sabah yap\u0131lan kahvalt\u0131lardan, ofis molalar\u0131na, ak\u015fam sohbetlerinden arkada\u015f bulu\u015fmalar\u0131na, pikniklerden kamplara kadar her yere g\u00f6t\u00fcr\u00fclen, her yerde ve yaz-k\u0131\u015f&#8230;<\/p>\n","protected":false},"author":1,"featured_media":0,"parent":0,"menu_order":0,"comment_status":"closed","ping_status":"open","template":"","meta":{"footnotes":""},"class_list":["post-1823","page","type-page","status-publish","hentry"],"_links":{"self":[{"href":"https:\/\/mayiscayi.com\/index.php?rest_route=\/wp\/v2\/pages\/1823","targetHints":{"allow":["GET"]}}],"collection":[{"href":"https:\/\/mayiscayi.com\/index.php?rest_route=\/wp\/v2\/pages"}],"about":[{"href":"https:\/\/mayiscayi.com\/index.php?rest_route=\/wp\/v2\/types\/page"}],"author":[{"embeddable":true,"href":"https:\/\/mayiscayi.com\/index.php?rest_route=\/wp\/v2\/users\/1"}],"replies":[{"embeddable":true,"href":"https:\/\/mayiscayi.com\/index.php?rest_route=%2Fwp%2Fv2%2Fcomments&post=1823"}],"version-history":[{"count":19,"href":"https:\/\/mayiscayi.com\/index.php?rest_route=\/wp\/v2\/pages\/1823\/revisions"}],"predecessor-version":[{"id":2110,"href":"https:\/\/mayiscayi.com\/index.php?rest_route=\/wp\/v2\/pages\/1823\/revisions\/2110"}],"wp:attachment":[{"href":"https:\/\/mayiscayi.com\/index.php?rest_route=%2Fwp%2Fv2%2Fmedia&parent=1823"}],"curies":[{"name":"wp","href":"https:\/\/api.w.org\/{rel}","templated":true}]}}